{"id":1226,"date":"2025-09-13T13:47:21","date_gmt":"2025-09-13T13:47:21","guid":{"rendered":"https:\/\/www.skrivsand.se\/?page_id=1226"},"modified":"2025-12-04T10:06:21","modified_gmt":"2025-12-04T10:06:21","slug":"organisationsudvikling","status":"publish","type":"page","link":"https:\/\/www.skrivsand.se\/da\/organisationsudvikling\/","title":{"rendered":"Organisationsudvikling"},"content":{"rendered":"<p>[et_pb_section fb_built=&#8221;1&#8243; _builder_version=&#8221;4.27.4&#8243; _module_preset=&#8221;default&#8221; background_color=&#8221;rgba(28,28,28,0.46)&#8221; background_image=&#8221;https:\/\/www.skrivsand.se\/wp-content\/uploads\/2025\/11\/skrivsand_2025-115.jpg&#8221; background_position=&#8221;bottom_center&#8221; background_blend=&#8221;luminosity&#8221; height=&#8221;996px&#8221; max_height=&#8221;608px&#8221; custom_padding=&#8221;0px||251px|||&#8221; filter_brightness=&#8221;115%&#8221; top_divider_color=&#8221;#676767&#8243; bottom_divider_color=&#8221;RGBA(255,255,255,0)&#8221; hover_enabled=&#8221;0&#8243; global_colors_info=&#8221;{}&#8221; background_last_edited=&#8221;on|phone&#8221; sticky_enabled=&#8221;0&#8243;][et_pb_row _builder_version=&#8221;4.27.4&#8243; _module_preset=&#8221;default&#8221; custom_padding=&#8221;63px|||||&#8221; global_colors_info=&#8221;{}&#8221;][et_pb_column type=&#8221;4_4&#8243; _builder_version=&#8221;4.27.4&#8243; _module_preset=&#8221;default&#8221; global_colors_info=&#8221;{}&#8221;][et_pb_text _builder_version=&#8221;4.27.4&#8243; _module_preset=&#8221;default&#8221; text_text_color=&#8221;#FFFFFF&#8221; text_font_size=&#8221;82px&#8221; header_text_align=&#8221;left&#8221; header_text_color=&#8221;#FFFFFF&#8221; header_font_size=&#8221;35px&#8221; header_line_height=&#8221;1.2em&#8221; custom_margin=&#8221;138px|||||&#8221; header_font_size_tablet=&#8221;77px&#8221; header_font_size_phone=&#8221;31px&#8221; header_font_size_last_edited=&#8221;on|phone&#8221; global_colors_info=&#8221;{}&#8221;]<\/p>\n<h1 style=\"text-align: center;\">Skab mening &#8211; sammen. For hele organisationen.<\/h1>\n<p>[\/et_pb_text][\/et_pb_column][\/et_pb_row][\/et_pb_section][et_pb_section fb_built=&#8221;1&#8243; _builder_version=&#8221;4.27.4&#8243; _module_preset=&#8221;default&#8221; background_enable_image=&#8221;off&#8221; custom_padding=&#8221;||39px|||&#8221; global_colors_info=&#8221;{}&#8221;][et_pb_row column_structure=&#8221;1_2,1_2&#8243; _builder_version=&#8221;4.27.4&#8243; _module_preset=&#8221;default&#8221; custom_margin=&#8221;69px|auto|42px|auto||&#8221; global_colors_info=&#8221;{}&#8221;][et_pb_column type=&#8221;1_2&#8243; _builder_version=&#8221;4.27.4&#8243; _module_preset=&#8221;default&#8221; global_colors_info=&#8221;{}&#8221;][et_pb_text _builder_version=&#8221;4.27.4&#8243; _module_preset=&#8221;default&#8221; header_line_height=&#8221;1.1em&#8221; header_4_text_color=&#8221;#CBBD93&#8243; header_4_font_size=&#8221;15px&#8221; global_colors_info=&#8221;{}&#8221;]<\/p>\n<h4>Organisationsudvikling<\/h4>\n<h1>Mening. Handling.<\/h1>\n<p><strong>Meningsskabelse er p\u00e5 mange m\u00e5der essensen af god ledelse. I skaber mening ved at stille de gode sp\u00f8rgsm\u00e5l, s\u00e6tte retning, lade medarbejderne vide hvad de kan bidrage med og ved at skabe nye fort\u00e6llinger.<\/strong><\/p>\n<p>Vi elsker fort\u00e6llingerne, mulighederne de giver og de erkendelser de kan \u00e5bne for. Vi udfordrer fort\u00e6llingerne om jer selv og hj\u00e6lper jer bl.a. med at skabe mening, gennem nye fort\u00e6llinger og handling.<\/p>\n<p>Vi har v\u00e6ret l\u00e6nge nok i ledelsesfaget til at vide, at det ikke er nok at snakke eller teoretisere. Der skal handles og ske forandringer for at I lykkes. Handling bidrager til at skabe mening.<\/p>\n<p>Forandringer af adf\u00e6rd tager tid og engagement. Derfor hj\u00e6lper vi med at forankre de erkendelser og indsigter I g\u00f8r jer.<\/p>\n<p>[\/et_pb_text][\/et_pb_column][et_pb_column type=&#8221;1_2&#8243; _builder_version=&#8221;4.27.4&#8243; _module_preset=&#8221;default&#8221; global_colors_info=&#8221;{}&#8221;][et_pb_image src=&#8221;https:\/\/www.skrivsand.se\/wp-content\/uploads\/2025\/11\/skrivsand_2025-069.jpg&#8221; title_text=&#8221;skrivsand_2025-069&#8243; _builder_version=&#8221;4.27.4&#8243; _module_preset=&#8221;default&#8221; custom_padding=&#8221;85px|||||&#8221; global_colors_info=&#8221;{}&#8221;][\/et_pb_image][\/et_pb_column][\/et_pb_row][\/et_pb_section][et_pb_section fb_built=&#8221;1&#8243; _builder_version=&#8221;4.27.4&#8243; _module_preset=&#8221;default&#8221; background_color=&#8221;#FFFFFF&#8221; custom_padding=&#8221;82px||56px|||&#8221; global_colors_info=&#8221;{}&#8221;][et_pb_row column_structure=&#8221;1_2,1_2&#8243; _builder_version=&#8221;4.27.4&#8243; _module_preset=&#8221;default&#8221; custom_margin=&#8221;-99px|auto||auto||&#8221; global_colors_info=&#8221;{}&#8221;][et_pb_column type=&#8221;1_2&#8243; _builder_version=&#8221;4.27.4&#8243; _module_preset=&#8221;default&#8221; global_colors_info=&#8221;{}&#8221;][et_pb_blurb title=&#8221;Analyse&#8221; use_icon=&#8221;on&#8221; font_icon=&#8221;&#xf200;||fa||900&#8243; icon_color=&#8221;#8A9A5B&#8221; _builder_version=&#8221;4.27.4&#8243; _module_preset=&#8221;default&#8221; header_text_align=&#8221;center&#8221; header_font_size=&#8221;21px&#8221; body_text_align=&#8221;center&#8221; background_color=&#8221;#FFFFFF&#8221; transform_scale_tablet=&#8221;&#8221; transform_scale_phone=&#8221;&#8221; transform_scale_last_edited=&#8221;on|desktop&#8221; transform_translate=&#8221;-10px|-10px&#8221; transform_translate_tablet=&#8221;-10px|-10px&#8221; transform_translate_phone=&#8221;0px|0px&#8221; transform_translate_last_edited=&#8221;on|phone&#8221; transform_translate_linked=&#8221;off&#8221; transform_rotate_tablet=&#8221;&#8221; transform_rotate_phone=&#8221;&#8221; transform_rotate_last_edited=&#8221;on|desktop&#8221; transform_skew_tablet=&#8221;&#8221; transform_skew_phone=&#8221;&#8221; transform_skew_last_edited=&#8221;on|desktop&#8221; transform_origin_tablet=&#8221;&#8221; transform_origin_phone=&#8221;&#8221; transform_origin_last_edited=&#8221;on|desktop&#8221; transform_styles_last_edited=&#8221;on|phone&#8221; custom_padding=&#8221;30px|30px|30px|30px|false|false&#8221; header_font_size_tablet=&#8221;21px&#8221; header_font_size_phone=&#8221;21px&#8221; header_font_size_last_edited=&#8221;on|desktop&#8221; transform_styles_tablet=&#8221;&#8221; transform_styles_phone=&#8221;&#8221; box_shadow_style=&#8221;preset1&#8243; box_shadow_spread=&#8221;-1px&#8221; global_colors_info=&#8221;{}&#8221; transform_styles__hover_enabled=&#8221;on|desktop&#8221; transform_scale__hover_enabled=&#8221;on|desktop&#8221; transform_translate__hover_enabled=&#8221;on|desktop&#8221; transform_rotate__hover_enabled=&#8221;on|desktop&#8221; transform_skew__hover_enabled=&#8221;on|desktop&#8221; transform_origin__hover_enabled=&#8221;on|desktop&#8221; transform_translate__hover=&#8221;-10px|-10px&#8221;]<\/p>\n<p>Vi g\u00e5r i dybden for at forst\u00e5 jeres nuv\u00e6rende organisation eller omgivelser for at afd\u00e6kke de udfordringer I skal h\u00e5ndtere og de fremtidige behov I skal tilgodese. B\u00e5de kvantitative og kvalitative unders\u00f8gelser er en del af vores store v\u00e6rkt\u00f8jskasse.<\/p>\n<p>&nbsp;<\/p>\n<p>[\/et_pb_blurb][\/et_pb_column][et_pb_column type=&#8221;1_2&#8243; _builder_version=&#8221;4.27.4&#8243; _module_preset=&#8221;default&#8221; global_colors_info=&#8221;{}&#8221;][et_pb_blurb title=&#8221;Strategiudvikling&#8221; use_icon=&#8221;on&#8221; font_icon=&#8221;&#xf509;||fa||900&#8243; icon_color=&#8221;#F37A48&#8243; _builder_version=&#8221;4.27.4&#8243; _module_preset=&#8221;default&#8221; header_text_align=&#8221;center&#8221; header_font_size=&#8221;21px&#8221; body_text_align=&#8221;center&#8221; background_color=&#8221;#FFFFFF&#8221; transform_scale_tablet=&#8221;&#8221; transform_scale_phone=&#8221;&#8221; transform_scale_last_edited=&#8221;on|phone&#8221; transform_translate=&#8221;-10px|-10px&#8221; transform_translate_tablet=&#8221;-10px|-10px&#8221; transform_translate_phone=&#8221;0px|0px&#8221; transform_translate_last_edited=&#8221;on|phone&#8221; transform_rotate_tablet=&#8221;&#8221; transform_rotate_phone=&#8221;&#8221; transform_rotate_last_edited=&#8221;on|phone&#8221; transform_skew_tablet=&#8221;&#8221; transform_skew_phone=&#8221;&#8221; transform_skew_last_edited=&#8221;on|phone&#8221; transform_origin_tablet=&#8221;&#8221; transform_origin_phone=&#8221;&#8221; transform_origin_last_edited=&#8221;on|phone&#8221; transform_styles_last_edited=&#8221;on|phone&#8221; custom_padding=&#8221;30px|30px|30px|30px|false|false&#8221; transform_styles_tablet=&#8221;&#8221; transform_styles_phone=&#8221;&#8221; box_shadow_style=&#8221;preset1&#8243; box_shadow_spread=&#8221;-1px&#8221; global_colors_info=&#8221;{}&#8221; transform_styles__hover_enabled=&#8221;on|desktop&#8221; transform_scale__hover_enabled=&#8221;on|desktop&#8221; transform_translate__hover_enabled=&#8221;on|desktop&#8221; transform_rotate__hover_enabled=&#8221;on|desktop&#8221; transform_skew__hover_enabled=&#8221;on|desktop&#8221; transform_origin__hover_enabled=&#8221;on|desktop&#8221; transform_translate__hover=&#8221;-10px|-10px&#8221;]<\/p>\n<p><span>M\u00e5ske har I meget godt styr p\u00e5 omverdenen og jeres udfordringer, men hvilken strategi skal I v\u00e6lge for at n\u00e5 m\u00e5lene bedst muligt? Vi vender gerne tingene p\u00e5 hovedet og laver processer, der hurtigt skaber fremdrift.<\/span><\/p>\n<p>[\/et_pb_blurb][\/et_pb_column][\/et_pb_row][et_pb_row column_structure=&#8221;1_2,1_2&#8243; _builder_version=&#8221;4.27.4&#8243; _module_preset=&#8221;default&#8221; custom_margin=&#8221;-35px|auto||auto||&#8221; custom_padding=&#8221;73px|||||&#8221; global_colors_info=&#8221;{}&#8221;][et_pb_column type=&#8221;1_2&#8243; _builder_version=&#8221;4.27.4&#8243; _module_preset=&#8221;default&#8221; global_colors_info=&#8221;{}&#8221;][et_pb_blurb title=&#8221;Facilitering&#8221; use_icon=&#8221;on&#8221; font_icon=&#8221;&#xf54b;||fa||900&#8243; icon_color=&#8221;#CBBD93&#8243; _builder_version=&#8221;4.27.4&#8243; _module_preset=&#8221;default&#8221; header_text_align=&#8221;center&#8221; header_font_size=&#8221;21px&#8221; body_text_align=&#8221;center&#8221; background_color=&#8221;RGBA(255,255,255,0)&#8221; transform_scale_tablet=&#8221;&#8221; transform_scale_phone=&#8221;&#8221; transform_scale_last_edited=&#8221;on|desktop&#8221; transform_translate=&#8221;-10px|-10px&#8221; transform_translate_tablet=&#8221;-10px|-10px&#8221; transform_translate_phone=&#8221;0px|0px&#8221; transform_translate_last_edited=&#8221;on|phone&#8221; transform_translate_linked=&#8221;off&#8221; transform_rotate_tablet=&#8221;&#8221; transform_rotate_phone=&#8221;&#8221; transform_rotate_last_edited=&#8221;on|desktop&#8221; transform_skew_tablet=&#8221;&#8221; transform_skew_phone=&#8221;&#8221; transform_skew_last_edited=&#8221;on|desktop&#8221; transform_origin_tablet=&#8221;&#8221; transform_origin_phone=&#8221;&#8221; transform_origin_last_edited=&#8221;on|desktop&#8221; transform_styles_last_edited=&#8221;on|phone&#8221; custom_padding=&#8221;30px|30px|30px|30px|false|false&#8221; header_font_size_tablet=&#8221;21px&#8221; header_font_size_phone=&#8221;21px&#8221; header_font_size_last_edited=&#8221;on|desktop&#8221; transform_styles_tablet=&#8221;&#8221; transform_styles_phone=&#8221;&#8221; box_shadow_style=&#8221;preset1&#8243; box_shadow_spread=&#8221;-1px&#8221; global_colors_info=&#8221;{}&#8221; transform_styles__hover_enabled=&#8221;on|desktop&#8221; transform_scale__hover_enabled=&#8221;on|desktop&#8221; transform_translate__hover_enabled=&#8221;on|desktop&#8221; transform_rotate__hover_enabled=&#8221;on|desktop&#8221; transform_skew__hover_enabled=&#8221;on|desktop&#8221; transform_origin__hover_enabled=&#8221;on|desktop&#8221; transform_translate__hover=&#8221;-10px|-10px&#8221;]<\/p>\n<p><span>Skal I gennemf\u00f8re en kortere eller l\u00e6ngere forandringsproces, hvor det er nyttigt med en ekstern facilitator. N\u00e5r ledelsen selv skal have mulighed for at lytte eller v\u00e6re i dialog, s\u00e5 stiller vi op. Vi har erfaring med processer over flere m\u00e5neder eller enkeltst\u00e5ende dage, samt som facilitator p\u00e5 processer p\u00e5 Teams.<\/span><\/p>\n<p>&nbsp;<\/p>\n<p>[\/et_pb_blurb][\/et_pb_column][et_pb_column type=&#8221;1_2&#8243; _builder_version=&#8221;4.27.4&#8243; _module_preset=&#8221;default&#8221; global_colors_info=&#8221;{}&#8221;][et_pb_blurb title=&#8221;R\u00e5dgivning&#8221; use_icon=&#8221;on&#8221; font_icon=&#8221;&#xf7f5;||fa||900&#8243; icon_color=&#8221;#5B8396&#8243; image_icon_background_color=&#8221;RGBA(255,255,255,0)&#8221; _builder_version=&#8221;4.27.4&#8243; _module_preset=&#8221;default&#8221; header_text_align=&#8221;center&#8221; header_font_size=&#8221;21px&#8221; body_text_align=&#8221;center&#8221; background_color=&#8221;#FFFFFF&#8221; transform_scale_tablet=&#8221;&#8221; transform_scale_phone=&#8221;&#8221; transform_scale_last_edited=&#8221;on|phone&#8221; transform_translate=&#8221;-10px|-10px&#8221; transform_translate_tablet=&#8221;-10px|-10px&#8221; transform_translate_phone=&#8221;0px|0px&#8221; transform_translate_last_edited=&#8221;on|phone&#8221; transform_rotate_tablet=&#8221;&#8221; transform_rotate_phone=&#8221;&#8221; transform_rotate_last_edited=&#8221;on|phone&#8221; transform_skew_tablet=&#8221;&#8221; transform_skew_phone=&#8221;&#8221; transform_skew_last_edited=&#8221;on|phone&#8221; transform_origin_tablet=&#8221;&#8221; transform_origin_phone=&#8221;&#8221; transform_origin_last_edited=&#8221;on|phone&#8221; transform_styles_last_edited=&#8221;on|phone&#8221; custom_padding=&#8221;30px|30px|30px|30px|false|false&#8221; transform_styles_tablet=&#8221;&#8221; transform_styles_phone=&#8221;&#8221; box_shadow_style=&#8221;preset1&#8243; box_shadow_spread=&#8221;-1px&#8221; global_colors_info=&#8221;{}&#8221; transform_styles__hover_enabled=&#8221;on|desktop&#8221; transform_scale__hover_enabled=&#8221;on|desktop&#8221; transform_translate__hover_enabled=&#8221;on|desktop&#8221; transform_rotate__hover_enabled=&#8221;on|desktop&#8221; transform_skew__hover_enabled=&#8221;on|desktop&#8221; transform_origin__hover_enabled=&#8221;on|desktop&#8221; transform_translate__hover=&#8221;-10px|-10px&#8221;]<\/p>\n<p><span>Vi har solid erfaring fra det specialiserede socialomr\u00e5de og kan derfor give konkrete r\u00e5d og vejledning for organisationer indenfor det omr\u00e5de. P\u00e5 andre omr\u00e5der giver vi ogs\u00e5 meget gerne r\u00e5d, men da mest omkring ledelse, rekruttering og meningsskabelse.<\/span><\/p>\n<p>[\/et_pb_blurb][\/et_pb_column][\/et_pb_row][\/et_pb_section]<\/p>\n","protected":false},"excerpt":{"rendered":"<p>Skab mening &#8211; sammen. For hele organisationen.Organisationsudvikling Mening. Handling. Meningsskabelse er p\u00e5 mange m\u00e5der essensen af god ledelse. I skaber mening ved at stille de gode sp\u00f8rgsm\u00e5l, s\u00e6tte retning, lade medarbejderne vide hvad de kan bidrage med og ved at skabe nye fort\u00e6llinger. Vi elsker fort\u00e6llingerne, mulighederne de giver og de erkendelser de kan \u00e5bne [&hellip;]<\/p>\n","protected":false},"author":1,"featured_media":0,"parent":0,"menu_order":0,"comment_status":"closed","ping_status":"closed","template":"","meta":{"_et_pb_use_builder":"on","_et_pb_old_content":"","_et_gb_content_width":"","footnotes":""},"class_list":["post-1226","page","type-page","status-publish","hentry"],"_links":{"self":[{"href":"https:\/\/www.skrivsand.se\/da\/wp-json\/wp\/v2\/pages\/1226","targetHints":{"allow":["GET"]}}],"collection":[{"href":"https:\/\/www.skrivsand.se\/da\/wp-json\/wp\/v2\/pages"}],"about":[{"href":"https:\/\/www.skrivsand.se\/da\/wp-json\/wp\/v2\/types\/page"}],"author":[{"embeddable":true,"href":"https:\/\/www.skrivsand.se\/da\/wp-json\/wp\/v2\/users\/1"}],"replies":[{"embeddable":true,"href":"https:\/\/www.skrivsand.se\/da\/wp-json\/wp\/v2\/comments?post=1226"}],"version-history":[{"count":32,"href":"https:\/\/www.skrivsand.se\/da\/wp-json\/wp\/v2\/pages\/1226\/revisions"}],"predecessor-version":[{"id":1870,"href":"https:\/\/www.skrivsand.se\/da\/wp-json\/wp\/v2\/pages\/1226\/revisions\/1870"}],"wp:attachment":[{"href":"https:\/\/www.skrivsand.se\/da\/wp-json\/wp\/v2\/media?parent=1226"}],"curies":[{"name":"wp","href":"https:\/\/api.w.org\/{rel}","templated":true}]}}