{"id":1052,"date":"2023-09-18T14:04:48","date_gmt":"2023-09-18T14:04:48","guid":{"rendered":"https:\/\/www.skrivsand.se\/kontakt-os\/"},"modified":"2025-12-04T10:16:22","modified_gmt":"2025-12-04T10:16:22","slug":"kontakt-os","status":"publish","type":"page","link":"https:\/\/www.skrivsand.se\/da\/kontakt-os\/","title":{"rendered":"Kontakt os"},"content":{"rendered":"<p>[et_pb_section fb_built=&#8221;1&#8243; _builder_version=&#8221;4.27.4&#8243; _module_preset=&#8221;default&#8221; global_colors_info=&#8221;{}&#8221;][\/et_pb_section][et_pb_section fb_built=&#8221;1&#8243; admin_label=&#8221;Problem and Solution&#8221; _builder_version=&#8221;4.27.4&#8243; background_color=&#8221;#FFFFFF&#8221; min_height=&#8221;506.7px&#8221; custom_margin=&#8221;-66px||0px|||&#8221; custom_padding=&#8221;21px|0px|0px|0px||&#8221; locked=&#8221;off&#8221; global_colors_info=&#8221;{}&#8221;][et_pb_row _builder_version=&#8221;4.27.4&#8243; _module_preset=&#8221;default&#8221; global_colors_info=&#8221;{}&#8221; custom_padding=&#8221;||15px|||&#8221;][et_pb_column type=&#8221;4_4&#8243; _builder_version=&#8221;4.27.4&#8243; _module_preset=&#8221;default&#8221; global_colors_info=&#8221;{}&#8221;][et_pb_text _builder_version=&#8221;4.27.4&#8243; text_font=&#8221;||||||||&#8221; header_font=&#8221;||||||||&#8221; header_2_font_size=&#8221;38px&#8221; header_2_letter_spacing=&#8221;1px&#8221; header_2_line_height=&#8221;1.4em&#8221; header_3_font=&#8221;Poppins|700||on|||||&#8221; custom_margin=&#8221;-17px|||||&#8221; custom_padding=&#8221;48px||12px|||&#8221; header_2_font_size_tablet=&#8221;38px&#8221; header_2_font_size_phone=&#8221;27px&#8221; header_2_font_size_last_edited=&#8221;on|phone&#8221; global_colors_info=&#8221;{}&#8221;]<\/p>\n<h2 style=\"text-align: left;\">Din ledelsesr\u00e5dgiver og konsulent<\/h2>\n<p>[\/et_pb_text][\/et_pb_column][\/et_pb_row][et_pb_row column_structure=&#8221;3_5,2_5&#8243; _builder_version=&#8221;4.27.4&#8243; _module_preset=&#8221;default&#8221; custom_margin=&#8221;-13px|auto||auto||&#8221; custom_padding=&#8221;0px||81px|||&#8221; global_colors_info=&#8221;{}&#8221;][et_pb_column type=&#8221;3_5&#8243; _builder_version=&#8221;4.27.4&#8243; _module_preset=&#8221;default&#8221; global_colors_info=&#8221;{}&#8221;][et_pb_text _builder_version=&#8221;4.27.4&#8243; _module_preset=&#8221;default&#8221; min_height=&#8221;248px&#8221; custom_margin=&#8221;11px||-92px|||&#8221; custom_padding=&#8221;1px||20px|||&#8221; global_colors_info=&#8221;{}&#8221;]<\/p>\n<p><span><strong><em>Ledelsesr\u00e5dgiver Michael Bager <\/em><\/strong>i Skrivsand. <\/span><\/p>\n<p><span>Michaels baggrund er bl.a. som chef p\u00e5 forvaltningsniveau. Han har v\u00e6ret leder af en HR-afdeling, chef indenfor besk\u00e6ftigelsesomr\u00e5det og det specialiserede socialomr\u00e5de.\u00a0<\/span><\/p>\n<p><span>Uddannelsesm\u00e6ssigt er han kandidat fra K\u00f8benhavns Universitet, Master of Public Administration fra Copenhagen Business School, er beskikket censor p\u00e5 diplomuddannelsen i ledelse og har de seneste \u00e5r desuden studeret psykologi. <\/span><\/p>\n<p><strong><\/strong><\/p>\n<p>[\/et_pb_text][et_pb_text _builder_version=&#8221;4.27.4&#8243; text_font=&#8221;||||||||&#8221; header_font=&#8221;||||||||&#8221; header_2_font=&#8221;Playfair Display|700|||||||&#8221; header_2_font_size=&#8221;38px&#8221; header_2_letter_spacing=&#8221;1px&#8221; header_2_line_height=&#8221;1.4em&#8221; header_3_font=&#8221;Poppins|700||on|||||&#8221; min_height=&#8221;48px&#8221; custom_margin=&#8221;91px||7px|||&#8221; custom_padding=&#8221;||12px|||&#8221; global_colors_info=&#8221;{}&#8221; locked=&#8221;off&#8221;]<\/p>\n<h1>Michael Bager<\/h1>\n<p><strong>Meningsskaber<\/strong><\/p>\n<p><span><a href=\"mailto:michael.bager@skrivsand.se\">michael.bager@skrivsand.dk<\/a><br \/><\/span><span style=\"font-size: 16px;\">+45 30 18 17 14<\/span><span><\/span><\/p>\n<p>[\/et_pb_text][et_pb_social_media_follow _builder_version=&#8221;4.27.4&#8243; _module_preset=&#8221;default&#8221; custom_padding=&#8221;8px||1px|||&#8221; global_colors_info=&#8221;{}&#8221; locked=&#8221;off&#8221; custom_margin=&#8221;||-17px|||&#8221;][et_pb_social_media_follow_network social_network=&#8221;facebook&#8221; url=&#8221;https:\/\/www.facebook.com\/skrivsand&#8221; _builder_version=&#8221;4.27.4&#8243; _module_preset=&#8221;default&#8221; background_color=&#8221;#676767&#8243; background_enable_color=&#8221;on&#8221; global_colors_info=&#8221;{}&#8221; follow_button=&#8221;off&#8221; url_new_window=&#8221;on&#8221;]facebook[\/et_pb_social_media_follow_network][et_pb_social_media_follow_network social_network=&#8221;linkedin&#8221; url=&#8221;https:\/\/www.linkedin.com\/in\/michael-bager\/&#8221; _builder_version=&#8221;4.27.4&#8243; _module_preset=&#8221;default&#8221; background_color=&#8221;#676767&#8243; background_enable_color=&#8221;on&#8221; global_colors_info=&#8221;{}&#8221; follow_button=&#8221;off&#8221; url_new_window=&#8221;on&#8221;]linkedin[\/et_pb_social_media_follow_network][\/et_pb_social_media_follow][\/et_pb_column][et_pb_column type=&#8221;2_5&#8243; _builder_version=&#8221;4.27.4&#8243; _module_preset=&#8221;default&#8221; global_colors_info=&#8221;{}&#8221;][et_pb_image src=&#8221;https:\/\/www.skrivsand.se\/wp-content\/uploads\/2025\/11\/skrivsand_2025-117.jpg&#8221; title_text=&#8221;skrivsand_2025-117&#8243; _builder_version=&#8221;4.27.4&#8243; _module_preset=&#8221;default&#8221; global_colors_info=&#8221;{}&#8221;][\/et_pb_image][\/et_pb_column][\/et_pb_row][\/et_pb_section]<\/p>\n","protected":false},"excerpt":{"rendered":"<p>Din ledelsesr\u00e5dgiver og konsulentLedelsesr\u00e5dgiver Michael Bager i Skrivsand. Michaels baggrund er bl.a. som chef p\u00e5 forvaltningsniveau. Han har v\u00e6ret leder af en HR-afdeling, chef indenfor besk\u00e6ftigelsesomr\u00e5det og det specialiserede socialomr\u00e5de.\u00a0 Uddannelsesm\u00e6ssigt er han kandidat fra K\u00f8benhavns Universitet, Master of Public Administration fra Copenhagen Business School, er beskikket censor p\u00e5 diplomuddannelsen i ledelse og har de [&hellip;]<\/p>\n","protected":false},"author":1,"featured_media":0,"parent":0,"menu_order":0,"comment_status":"closed","ping_status":"closed","template":"","meta":{"_et_pb_use_builder":"on","_et_pb_old_content":"","_et_gb_content_width":"","footnotes":""},"class_list":["post-1052","page","type-page","status-publish","hentry"],"_links":{"self":[{"href":"https:\/\/www.skrivsand.se\/da\/wp-json\/wp\/v2\/pages\/1052","targetHints":{"allow":["GET"]}}],"collection":[{"href":"https:\/\/www.skrivsand.se\/da\/wp-json\/wp\/v2\/pages"}],"about":[{"href":"https:\/\/www.skrivsand.se\/da\/wp-json\/wp\/v2\/types\/page"}],"author":[{"embeddable":true,"href":"https:\/\/www.skrivsand.se\/da\/wp-json\/wp\/v2\/users\/1"}],"replies":[{"embeddable":true,"href":"https:\/\/www.skrivsand.se\/da\/wp-json\/wp\/v2\/comments?post=1052"}],"version-history":[{"count":28,"href":"https:\/\/www.skrivsand.se\/da\/wp-json\/wp\/v2\/pages\/1052\/revisions"}],"predecessor-version":[{"id":1874,"href":"https:\/\/www.skrivsand.se\/da\/wp-json\/wp\/v2\/pages\/1052\/revisions\/1874"}],"wp:attachment":[{"href":"https:\/\/www.skrivsand.se\/da\/wp-json\/wp\/v2\/media?parent=1052"}],"curies":[{"name":"wp","href":"https:\/\/api.w.org\/{rel}","templated":true}]}}